{"id":6561,"date":"2023-02-07T10:13:18","date_gmt":"2023-02-07T10:13:18","guid":{"rendered":"http:\/\/rogerbroilers.com\/home-2\/"},"modified":"2024-07-20T19:03:51","modified_gmt":"2024-07-20T17:03:51","slug":"inicio","status":"publish","type":"page","link":"https:\/\/rogerbroilers.com\/","title":{"rendered":"Inicio"},"content":{"rendered":"\t\t<div data-elementor-type=\"wp-page\" data-elementor-id=\"6561\" class=\"elementor elementor-6561\" data-elementor-post-type=\"page\">\n\t\t\t\t\t\t<section class=\"elementor-section elementor-top-section elementor-element elementor-element-6fca48df elementor-section-boxed elementor-section-height-default elementor-section-height-default\" data-id=\"6fca48df\" data-element_type=\"section\">\n\t\t\t\t\t\t<div class=\"elementor-container elementor-column-gap-no\">\n\t\t\t\t\t<div class=\"elementor-column elementor-col-100 elementor-top-column elementor-element elementor-element-77c9984\" data-id=\"77c9984\" data-element_type=\"column\">\n\t\t\t<div class=\"elementor-widget-wrap elementor-element-populated\">\n\t\t\t\t\t\t<div class=\"elementor-element elementor-element-458802e3 elementor-absolute elementor-hidden-mobile underland elementor-widget elementor-widget-heading\" data-id=\"458802e3\" data-element_type=\"widget\" data-settings=\"{&quot;_position&quot;:&quot;absolute&quot;}\" data-widget_type=\"heading.default\">\n\t\t\t\t<div class=\"elementor-widget-container\">\n\t\t\t<h2 class=\"elementor-heading-title elementor-size-default\">Principios<\/h2>\t\t<\/div>\n\t\t\t\t<\/div>\n\t\t\t\t<section class=\"elementor-section elementor-inner-section elementor-element elementor-element-dfe9da7 elementor-section-full_width elementor-section-height-default elementor-section-height-default\" data-id=\"dfe9da7\" data-element_type=\"section\">\n\t\t\t\t\t\t<div class=\"elementor-container elementor-column-gap-no\">\n\t\t\t\t\t<div class=\"elementor-column elementor-col-33 elementor-inner-column elementor-element elementor-element-2e1175ed\" data-id=\"2e1175ed\" data-element_type=\"column\">\n\t\t\t<div class=\"elementor-widget-wrap elementor-element-populated\">\n\t\t\t\t\t\t<div class=\"elementor-element elementor-element-46b11e8 elementor-widget elementor-widget-image\" data-id=\"46b11e8\" data-element_type=\"widget\" data-widget_type=\"image.default\">\n\t\t\t\t<div class=\"elementor-widget-container\">\n\t\t\t\t\t\t\t\t\t\t\t\t\t<img decoding=\"async\" src=\"https:\/\/rogerbroilers.com\/wp-content\/uploads\/elementor\/thumbs\/qa-removebg-preview-qqxzy11d0p3vvdzrfrbpka5txp3uwsmtqzjf6hhnf4.png\" title=\"qa-removebg-preview\" alt=\"qa-removebg-preview\" loading=\"lazy\" \/>\t\t\t\t\t\t\t\t\t\t\t\t\t<\/div>\n\t\t\t\t<\/div>\n\t\t\t\t<div class=\"elementor-element elementor-element-1bcd2d49 elementor-absolute elementor-widget elementor-widget-image\" data-id=\"1bcd2d49\" data-element_type=\"widget\" data-settings=\"{&quot;_position&quot;:&quot;absolute&quot;}\" data-widget_type=\"image.default\">\n\t\t\t\t<div class=\"elementor-widget-container\">\n\t\t\t\t\t\t\t\t\t\t\t\t\t<img decoding=\"async\" width=\"131\" height=\"142\" src=\"https:\/\/rogerbroilers.com\/wp-content\/uploads\/2023\/02\/Vector-3.png\" class=\"attachment-large size-large wp-image-6556\" alt=\"\" \/>\t\t\t\t\t\t\t\t\t\t\t\t\t<\/div>\n\t\t\t\t<\/div>\n\t\t\t\t<div class=\"elementor-element elementor-element-a302f11 main2-hover elementor-widget elementor-widget-heading\" data-id=\"a302f11\" data-element_type=\"widget\" data-widget_type=\"heading.default\">\n\t\t\t\t<div class=\"elementor-widget-container\">\n\t\t\t<h2 class=\"elementor-heading-title elementor-size-default\"><a href=\"#\">Control y calidad<\/a><\/h2>\t\t<\/div>\n\t\t\t\t<\/div>\n\t\t\t\t<div class=\"elementor-element elementor-element-2ea9b292 elementor-widget elementor-widget-text-editor\" data-id=\"2ea9b292\" data-element_type=\"widget\" data-widget_type=\"text-editor.default\">\n\t\t\t\t<div class=\"elementor-widget-container\">\n\t\t\t\t\t\t\t<p>Controlamos todo el proceso de crianza poniendo especial inter\u00e9s en el bienestar del animal as\u00ed como la calidad y sostenibilidad del producto.<\/p>\t\t\t\t\t\t<\/div>\n\t\t\t\t<\/div>\n\t\t\t\t\t<\/div>\n\t\t<\/div>\n\t\t\t\t<div class=\"elementor-column elementor-col-33 elementor-inner-column elementor-element elementor-element-313fa79a\" data-id=\"313fa79a\" data-element_type=\"column\">\n\t\t\t<div class=\"elementor-widget-wrap elementor-element-populated\">\n\t\t\t\t\t\t<div class=\"elementor-element elementor-element-d2d6767 elementor-widget elementor-widget-image\" data-id=\"d2d6767\" data-element_type=\"widget\" data-widget_type=\"image.default\">\n\t\t\t\t<div class=\"elementor-widget-container\">\n\t\t\t\t\t\t\t\t\t\t\t\t\t<img decoding=\"async\" src=\"https:\/\/rogerbroilers.com\/wp-content\/uploads\/elementor\/thumbs\/desarrollo-sostenible-removebg-preview-qqxzy03itv2ljs14l8x2zsedcb8hp3j3euvxp7j1lc.png\" title=\"desarrollo-sostenible-removebg-preview\" alt=\"desarrollo-sostenible-removebg-preview\" loading=\"lazy\" \/>\t\t\t\t\t\t\t\t\t\t\t\t\t<\/div>\n\t\t\t\t<\/div>\n\t\t\t\t<div class=\"elementor-element elementor-element-142f2e48 elementor-absolute elementor-widget elementor-widget-image\" data-id=\"142f2e48\" data-element_type=\"widget\" data-settings=\"{&quot;_position&quot;:&quot;absolute&quot;}\" data-widget_type=\"image.default\">\n\t\t\t\t<div class=\"elementor-widget-container\">\n\t\t\t\t\t\t\t\t\t\t\t\t\t<img decoding=\"async\" width=\"131\" height=\"142\" src=\"https:\/\/rogerbroilers.com\/wp-content\/uploads\/2023\/02\/Vector-3.png\" class=\"attachment-large size-large wp-image-6556\" alt=\"\" \/>\t\t\t\t\t\t\t\t\t\t\t\t\t<\/div>\n\t\t\t\t<\/div>\n\t\t\t\t<div class=\"elementor-element elementor-element-63117f19 main2-hover elementor-widget elementor-widget-heading\" data-id=\"63117f19\" data-element_type=\"widget\" data-widget_type=\"heading.default\">\n\t\t\t\t<div class=\"elementor-widget-container\">\n\t\t\t<h2 class=\"elementor-heading-title elementor-size-default\"><a href=\"#\">Experiencia y sostenibilidad<\/a><\/h2>\t\t<\/div>\n\t\t\t\t<\/div>\n\t\t\t\t<div class=\"elementor-element elementor-element-1b2826f4 elementor-widget elementor-widget-text-editor\" data-id=\"1b2826f4\" data-element_type=\"widget\" data-widget_type=\"text-editor.default\">\n\t\t\t\t<div class=\"elementor-widget-container\">\n\t\t\t\t\t\t\t<p>La formaci\u00f3n, el aprendizaje continuo, y la experiencia acumulada nos hace mejorar cada d\u00eda en lo que nos apasiona aplicando una pol\u00edtica de mejora cont\u00ednua.<\/p>\t\t\t\t\t\t<\/div>\n\t\t\t\t<\/div>\n\t\t\t\t\t<\/div>\n\t\t<\/div>\n\t\t\t\t<div class=\"elementor-column elementor-col-33 elementor-inner-column elementor-element elementor-element-d371fe3\" data-id=\"d371fe3\" data-element_type=\"column\">\n\t\t\t<div class=\"elementor-widget-wrap elementor-element-populated\">\n\t\t\t\t\t\t<div class=\"elementor-element elementor-element-6e85b731 elementor-widget elementor-widget-image\" data-id=\"6e85b731\" data-element_type=\"widget\" data-widget_type=\"image.default\">\n\t\t\t\t<div class=\"elementor-widget-container\">\n\t\t\t\t\t\t\t\t\t\t\t\t\t<img decoding=\"async\" src=\"https:\/\/rogerbroilers.com\/wp-content\/uploads\/elementor\/thumbs\/img_header-removebg-preview-qqxzy11d0p3vvdzrfrbpka5txp3uwsmtqzjf6hhnf4.png\" title=\"img_header-removebg-preview\" alt=\"img_header-removebg-preview\" loading=\"lazy\" \/>\t\t\t\t\t\t\t\t\t\t\t\t\t<\/div>\n\t\t\t\t<\/div>\n\t\t\t\t<div class=\"elementor-element elementor-element-1b843f48 elementor-absolute elementor-widget elementor-widget-image\" data-id=\"1b843f48\" data-element_type=\"widget\" data-settings=\"{&quot;_position&quot;:&quot;absolute&quot;}\" data-widget_type=\"image.default\">\n\t\t\t\t<div class=\"elementor-widget-container\">\n\t\t\t\t\t\t\t\t\t\t\t\t\t<img decoding=\"async\" width=\"131\" height=\"142\" src=\"https:\/\/rogerbroilers.com\/wp-content\/uploads\/2023\/02\/Vector-3.png\" class=\"attachment-large size-large wp-image-6556\" alt=\"\" \/>\t\t\t\t\t\t\t\t\t\t\t\t\t<\/div>\n\t\t\t\t<\/div>\n\t\t\t\t<div class=\"elementor-element elementor-element-58815c93 main2-hover elementor-widget elementor-widget-heading\" data-id=\"58815c93\" data-element_type=\"widget\" data-widget_type=\"heading.default\">\n\t\t\t\t<div class=\"elementor-widget-container\">\n\t\t\t<h2 class=\"elementor-heading-title elementor-size-default\"><a href=\"#\">Comunicaci\u00f3n cercana<\/a><\/h2>\t\t<\/div>\n\t\t\t\t<\/div>\n\t\t\t\t<div class=\"elementor-element elementor-element-26828215 elementor-widget elementor-widget-text-editor\" data-id=\"26828215\" data-element_type=\"widget\" data-widget_type=\"text-editor.default\">\n\t\t\t\t<div class=\"elementor-widget-container\">\n\t\t\t\t\t\t\t<p>Nuestra comunicaci\u00f3n es cercana y estamos disponibles en cualquier momento para nuestros clientes a trav\u00e9s de correo electr\u00f3nico, tel\u00e9fono o\u00a0 mensajer\u00eda.<\/p>\t\t\t\t\t\t<\/div>\n\t\t\t\t<\/div>\n\t\t\t\t\t<\/div>\n\t\t<\/div>\n\t\t\t\t\t<\/div>\n\t\t<\/section>\n\t\t\t\t\t<\/div>\n\t\t<\/div>\n\t\t\t\t\t<\/div>\n\t\t<\/section>\n\t\t\t\t<section class=\"elementor-section elementor-top-section elementor-element elementor-element-7d672da1 elementor-section-full_width elementor-section-height-default elementor-section-height-default\" data-id=\"7d672da1\" data-element_type=\"section\" data-settings=\"{&quot;background_background&quot;:&quot;classic&quot;}\">\n\t\t\t\t\t\t<div class=\"elementor-container elementor-column-gap-default\">\n\t\t\t\t\t<div class=\"elementor-column elementor-col-100 elementor-top-column elementor-element elementor-element-7ef176fb\" data-id=\"7ef176fb\" data-element_type=\"column\">\n\t\t\t<div class=\"elementor-widget-wrap elementor-element-populated\">\n\t\t\t\t\t\t<section class=\"elementor-section elementor-inner-section elementor-element elementor-element-6a1c1eb7 elementor-section-full_width elementor-section-height-default elementor-section-height-default\" data-id=\"6a1c1eb7\" data-element_type=\"section\">\n\t\t\t\t\t\t<div class=\"elementor-container elementor-column-gap-default\">\n\t\t\t\t\t<div class=\"elementor-column elementor-col-100 elementor-inner-column elementor-element elementor-element-794f5d13\" data-id=\"794f5d13\" data-element_type=\"column\">\n\t\t\t<div class=\"elementor-widget-wrap elementor-element-populated\">\n\t\t\t\t\t\t<div class=\"elementor-element elementor-element-4ee2cbb elementor-widget__width-initial elementor-widget elementor-widget-text-editor\" data-id=\"4ee2cbb\" data-element_type=\"widget\" data-widget_type=\"text-editor.default\">\n\t\t\t\t<div class=\"elementor-widget-container\">\n\t\t\t\t\t\t\t<h5>Comprometidos no solo con la calidad de nuestros productos av\u00edcolas, sino de nuestros procedimientos para ofrecer a nuestros clientes lo mejor en alimentaci\u00f3n.<\/h5>\t\t\t\t\t\t<\/div>\n\t\t\t\t<\/div>\n\t\t\t\t\t<\/div>\n\t\t<\/div>\n\t\t\t\t\t<\/div>\n\t\t<\/section>\n\t\t\t\t\t<\/div>\n\t\t<\/div>\n\t\t\t\t\t<\/div>\n\t\t<\/section>\n\t\t\t\t<section class=\"elementor-section elementor-top-section elementor-element elementor-element-58f34a25 elementor-section-boxed elementor-section-height-default elementor-section-height-default\" data-id=\"58f34a25\" data-element_type=\"section\" data-settings=\"{&quot;background_background&quot;:&quot;classic&quot;}\">\n\t\t\t\t\t\t<div class=\"elementor-container elementor-column-gap-default\">\n\t\t\t\t\t<div class=\"elementor-column elementor-col-100 elementor-top-column elementor-element elementor-element-50ae3c0e\" data-id=\"50ae3c0e\" data-element_type=\"column\">\n\t\t\t<div class=\"elementor-widget-wrap elementor-element-populated\">\n\t\t\t\t\t\t<div class=\"elementor-element elementor-element-7bf4453f elementor-widget elementor-widget-image\" data-id=\"7bf4453f\" data-element_type=\"widget\" data-widget_type=\"image.default\">\n\t\t\t\t<div class=\"elementor-widget-container\">\n\t\t\t\t\t\t\t\t\t\t\t\t\t<img fetchpriority=\"high\" decoding=\"async\" width=\"300\" height=\"300\" src=\"https:\/\/rogerbroilers.com\/wp-content\/uploads\/2024\/07\/gallina-removebg-preview-300x300.png\" class=\"attachment-medium size-medium wp-image-7352\" alt=\"\" srcset=\"https:\/\/rogerbroilers.com\/wp-content\/uploads\/2024\/07\/gallina-removebg-preview-300x300.png 300w, https:\/\/rogerbroilers.com\/wp-content\/uploads\/2024\/07\/gallina-removebg-preview-150x150.png 150w, https:\/\/rogerbroilers.com\/wp-content\/uploads\/2024\/07\/gallina-removebg-preview-480x480.png 480w, https:\/\/rogerbroilers.com\/wp-content\/uploads\/2024\/07\/gallina-removebg-preview.png 499w\" sizes=\"(max-width: 300px) 100vw, 300px\" \/>\t\t\t\t\t\t\t\t\t\t\t\t\t<\/div>\n\t\t\t\t<\/div>\n\t\t\t\t<section class=\"elementor-section elementor-inner-section elementor-element elementor-element-d7602f0 elementor-section-full_width elementor-section-height-default elementor-section-height-default\" data-id=\"d7602f0\" data-element_type=\"section\">\n\t\t\t\t\t\t<div class=\"elementor-container elementor-column-gap-default\">\n\t\t\t\t\t<div class=\"elementor-column elementor-col-100 elementor-inner-column elementor-element elementor-element-940cad6\" data-id=\"940cad6\" data-element_type=\"column\">\n\t\t\t<div class=\"elementor-widget-wrap elementor-element-populated\">\n\t\t\t\t\t\t<div class=\"elementor-element elementor-element-6f3bba5 elementor-absolute underland elementor-widget elementor-widget-heading\" data-id=\"6f3bba5\" data-element_type=\"widget\" data-settings=\"{&quot;_position&quot;:&quot;absolute&quot;}\" data-widget_type=\"heading.default\">\n\t\t\t\t<div class=\"elementor-widget-container\">\n\t\t\t<h2 class=\"elementor-heading-title elementor-size-default\">Valores<\/h2>\t\t<\/div>\n\t\t\t\t<\/div>\n\t\t\t\t<div class=\"elementor-element elementor-element-754e231 elementor-widget elementor-widget-heading\" data-id=\"754e231\" data-element_type=\"widget\" data-widget_type=\"heading.default\">\n\t\t\t\t<div class=\"elementor-widget-container\">\n\t\t\t<h2 class=\"elementor-heading-title elementor-size-default\">Crianza libre en suelo<\/h2>\t\t<\/div>\n\t\t\t\t<\/div>\n\t\t\t\t\t<\/div>\n\t\t<\/div>\n\t\t\t\t\t<\/div>\n\t\t<\/section>\n\t\t\t\t\t<\/div>\n\t\t<\/div>\n\t\t\t\t\t<\/div>\n\t\t<\/section>\n\t\t\t\t<section class=\"elementor-section elementor-top-section elementor-element elementor-element-e7d33b7 elementor-section-full_width elementor-section-height-default elementor-section-height-default\" data-id=\"e7d33b7\" data-element_type=\"section\">\n\t\t\t\t\t\t<div class=\"elementor-container elementor-column-gap-default\">\n\t\t\t\t\t<div class=\"elementor-column elementor-col-100 elementor-top-column elementor-element elementor-element-c691f6d\" data-id=\"c691f6d\" data-element_type=\"column\">\n\t\t\t<div class=\"elementor-widget-wrap elementor-element-populated\">\n\t\t\t\t\t\t<div class=\"elementor-element elementor-element-d92b22c elementor-grid-3 elementor-grid-tablet-2 elementor-grid-mobile-1 elementor-posts--thumbnail-top elementor-widget elementor-widget-posts\" data-id=\"d92b22c\" data-element_type=\"widget\" data-settings=\"{&quot;pagination_type&quot;:&quot;numbers_and_prev_next&quot;,&quot;classic_columns&quot;:&quot;3&quot;,&quot;classic_columns_tablet&quot;:&quot;2&quot;,&quot;classic_columns_mobile&quot;:&quot;1&quot;,&quot;classic_row_gap&quot;:{&quot;unit&quot;:&quot;px&quot;,&quot;size&quot;:35,&quot;sizes&quot;:[]},&quot;classic_row_gap_widescreen&quot;:{&quot;unit&quot;:&quot;px&quot;,&quot;size&quot;:&quot;&quot;,&quot;sizes&quot;:[]},&quot;classic_row_gap_tablet&quot;:{&quot;unit&quot;:&quot;px&quot;,&quot;size&quot;:&quot;&quot;,&quot;sizes&quot;:[]},&quot;classic_row_gap_mobile&quot;:{&quot;unit&quot;:&quot;px&quot;,&quot;size&quot;:&quot;&quot;,&quot;sizes&quot;:[]}}\" data-widget_type=\"posts.classic\">\n\t\t\t\t<div class=\"elementor-widget-container\">\n\t\t\t\t\t<div class=\"elementor-posts-container elementor-posts elementor-posts--skin-classic elementor-grid\">\n\t\t\t\t<article class=\"elementor-post elementor-grid-item post-7619 post type-post status-publish format-standard hentry category-actualidad\">\n\t\t\t\t<div class=\"elementor-post__text\">\n\t\t\t\t<h3 class=\"elementor-post__title\">\n\t\t\t<a href=\"https:\/\/rogerbroilers.com\/?p=7619\" >\n\t\t\t\tNUEVA P\u00c1GINA WEB\t\t\t<\/a>\n\t\t<\/h3>\n\t\t\t\t<div class=\"elementor-post__meta-data\">\n\t\t\t\t\t<span class=\"elementor-post-date\">\n\t\t\t18 de julio de 2024\t\t<\/span>\n\t\t\t\t<span class=\"elementor-post-avatar\">\n\t\t\tNo hay comentarios\t\t<\/span>\n\t\t\t\t<\/div>\n\t\t\t\t<div class=\"elementor-post__excerpt\">\n\t\t\t<p>Roger Broilers ha lanzado su nueva p\u00e1gina web, dise\u00f1ada para ofrecer una experiencia de usuario mejorada y m\u00e1s intuitiva. El sitio web actualizado incluye secciones informativas sobre los productos de<span class=\"more-dots\">&#8230;<\/span> <span class=\"more-tag\"><a class=\"more-link\" href=\"https:\/\/rogerbroilers.com\/?p=7619\">Saber m\u00e1s<span class=\"screen-reader-text\"> \"NUEVA P\u00c1GINA WEB\"<\/span><\/a><\/span><!-- .more-tag --><\/p>\n\t\t<\/div>\n\t\t\n\t\t<a class=\"elementor-post__read-more\" href=\"https:\/\/rogerbroilers.com\/?p=7619\" aria-label=\"Read more about NUEVA P\u00c1GINA WEB\" tabindex=\"-1\" >\n\t\t\tLeer mas \u00bb\t\t<\/a>\n\n\t\t\t\t<\/div>\n\t\t\t\t<\/article>\n\t\t\t\t<article class=\"elementor-post elementor-grid-item post-7617 post type-post status-publish format-standard hentry category-instalaciones\">\n\t\t\t\t<div class=\"elementor-post__text\">\n\t\t\t\t<h3 class=\"elementor-post__title\">\n\t\t\t<a href=\"https:\/\/rogerbroilers.com\/?p=7617\" >\n\t\t\t\tAMPLIACI\u00d3N NUEVA NAVE\t\t\t<\/a>\n\t\t<\/h3>\n\t\t\t\t<div class=\"elementor-post__meta-data\">\n\t\t\t\t\t<span class=\"elementor-post-date\">\n\t\t\t18 de julio de 2024\t\t<\/span>\n\t\t\t\t<span class=\"elementor-post-avatar\">\n\t\t\tNo hay comentarios\t\t<\/span>\n\t\t\t\t<\/div>\n\t\t\t\t<div class=\"elementor-post__excerpt\">\n\t\t\t<p>Paralelamente, Roger Broilers ha comenzado la construcci\u00f3n de una nueva nave de producci\u00f3n, dise\u00f1ada para duplicar la capacidad actual. Esta nueva instalaci\u00f3n, equipada con tecnolog\u00eda de punta, permitir\u00e1 a la<span class=\"more-dots\">&#8230;<\/span> <span class=\"more-tag\"><a class=\"more-link\" href=\"https:\/\/rogerbroilers.com\/?p=7617\">Saber m\u00e1s<span class=\"screen-reader-text\"> \"AMPLIACI\u00d3N NUEVA NAVE\"<\/span><\/a><\/span><!-- .more-tag --><\/p>\n\t\t<\/div>\n\t\t\n\t\t<a class=\"elementor-post__read-more\" href=\"https:\/\/rogerbroilers.com\/?p=7617\" aria-label=\"Read more about AMPLIACI\u00d3N NUEVA NAVE\" tabindex=\"-1\" >\n\t\t\tLeer mas \u00bb\t\t<\/a>\n\n\t\t\t\t<\/div>\n\t\t\t\t<\/article>\n\t\t\t\t<article class=\"elementor-post elementor-grid-item post-7614 post type-post status-publish format-standard hentry category-sostenibilidad\">\n\t\t\t\t<div class=\"elementor-post__text\">\n\t\t\t\t<h3 class=\"elementor-post__title\">\n\t\t\t<a href=\"https:\/\/rogerbroilers.com\/?p=7614\" >\n\t\t\t\tINSTALACI\u00d3N DE PLACAS SOLARES\t\t\t<\/a>\n\t\t<\/h3>\n\t\t\t\t<div class=\"elementor-post__meta-data\">\n\t\t\t\t\t<span class=\"elementor-post-date\">\n\t\t\t18 de julio de 2024\t\t<\/span>\n\t\t\t\t<span class=\"elementor-post-avatar\">\n\t\t\tNo hay comentarios\t\t<\/span>\n\t\t\t\t<\/div>\n\t\t\t\t<div class=\"elementor-post__excerpt\">\n\t\t\t<p>Hemos comenzado la instalaci\u00f3n de un avanzado sistema de placas solares en sus instalaciones principales. Esta iniciativa no solo subraya el compromiso de la empresa con el medio ambiente, sino<span class=\"more-dots\">&#8230;<\/span> <span class=\"more-tag\"><a class=\"more-link\" href=\"https:\/\/rogerbroilers.com\/?p=7614\">Saber m\u00e1s<span class=\"screen-reader-text\"> \"INSTALACI\u00d3N DE PLACAS SOLARES\"<\/span><\/a><\/span><!-- .more-tag --><\/p>\n\t\t<\/div>\n\t\t\n\t\t<a class=\"elementor-post__read-more\" href=\"https:\/\/rogerbroilers.com\/?p=7614\" aria-label=\"Read more about INSTALACI\u00d3N DE PLACAS SOLARES\" tabindex=\"-1\" >\n\t\t\tLeer mas \u00bb\t\t<\/a>\n\n\t\t\t\t<\/div>\n\t\t\t\t<\/article>\n\t\t\t\t<\/div>\n\t\t\n\t\t\t\t<\/div>\n\t\t\t\t<\/div>\n\t\t\t\t\t<\/div>\n\t\t<\/div>\n\t\t\t\t\t<\/div>\n\t\t<\/section>\n\t\t\t\t<section class=\"elementor-section elementor-top-section elementor-element elementor-element-6774304 elementor-section-boxed elementor-section-height-default elementor-section-height-default\" data-id=\"6774304\" data-element_type=\"section\">\n\t\t\t\t\t\t<div class=\"elementor-container elementor-column-gap-default\">\n\t\t\t\t\t<div class=\"elementor-column elementor-col-50 elementor-top-column elementor-element elementor-element-cd4bf33\" data-id=\"cd4bf33\" data-element_type=\"column\">\n\t\t\t<div class=\"elementor-widget-wrap elementor-element-populated\">\n\t\t\t\t\t\t<div class=\"elementor-element elementor-element-07720cf elementor-widget elementor-widget-image\" data-id=\"07720cf\" data-element_type=\"widget\" data-widget_type=\"image.default\">\n\t\t\t\t<div class=\"elementor-widget-container\">\n\t\t\t\t\t\t\t\t\t\t\t\t\t<img decoding=\"async\" width=\"300\" height=\"76\" src=\"https:\/\/rogerbroilers.com\/wp-content\/uploads\/2024\/07\/Financiado_por_la_Union_Europea_RGB_MONOCHROME-300x76.png\" class=\"attachment-medium size-medium wp-image-7781\" alt=\"\" srcset=\"https:\/\/rogerbroilers.com\/wp-content\/uploads\/2024\/07\/Financiado_por_la_Union_Europea_RGB_MONOCHROME-300x76.png 300w, https:\/\/rogerbroilers.com\/wp-content\/uploads\/2024\/07\/Financiado_por_la_Union_Europea_RGB_MONOCHROME-1024x259.png 1024w, https:\/\/rogerbroilers.com\/wp-content\/uploads\/2024\/07\/Financiado_por_la_Union_Europea_RGB_MONOCHROME-768x194.png 768w, https:\/\/rogerbroilers.com\/wp-content\/uploads\/2024\/07\/Financiado_por_la_Union_Europea_RGB_MONOCHROME-1536x389.png 1536w, https:\/\/rogerbroilers.com\/wp-content\/uploads\/2024\/07\/Financiado_por_la_Union_Europea_RGB_MONOCHROME-2048x518.png 2048w, https:\/\/rogerbroilers.com\/wp-content\/uploads\/2024\/07\/Financiado_por_la_Union_Europea_RGB_MONOCHROME-600x152.png 600w\" sizes=\"(max-width: 300px) 100vw, 300px\" \/>\t\t\t\t\t\t\t\t\t\t\t\t\t<\/div>\n\t\t\t\t<\/div>\n\t\t\t\t\t<\/div>\n\t\t<\/div>\n\t\t\t\t<div class=\"elementor-column elementor-col-50 elementor-top-column elementor-element elementor-element-54d8214\" data-id=\"54d8214\" data-element_type=\"column\">\n\t\t\t<div class=\"elementor-widget-wrap elementor-element-populated\">\n\t\t\t\t\t\t<div class=\"elementor-element elementor-element-bd959ba elementor-widget elementor-widget-image\" data-id=\"bd959ba\" data-element_type=\"widget\" data-widget_type=\"image.default\">\n\t\t\t\t<div class=\"elementor-widget-container\">\n\t\t\t\t\t\t\t\t\t\t\t\t\t<img loading=\"lazy\" decoding=\"async\" width=\"300\" height=\"67\" src=\"https:\/\/rogerbroilers.com\/wp-content\/uploads\/2024\/07\/PRTR-tres-lineas_COLOR-300x67.png\" class=\"attachment-medium size-medium wp-image-7780\" alt=\"\" srcset=\"https:\/\/rogerbroilers.com\/wp-content\/uploads\/2024\/07\/PRTR-tres-lineas_COLOR-300x67.png 300w, https:\/\/rogerbroilers.com\/wp-content\/uploads\/2024\/07\/PRTR-tres-lineas_COLOR-1024x227.png 1024w, https:\/\/rogerbroilers.com\/wp-content\/uploads\/2024\/07\/PRTR-tres-lineas_COLOR-768x170.png 768w, https:\/\/rogerbroilers.com\/wp-content\/uploads\/2024\/07\/PRTR-tres-lineas_COLOR-1536x341.png 1536w, https:\/\/rogerbroilers.com\/wp-content\/uploads\/2024\/07\/PRTR-tres-lineas_COLOR-600x133.png 600w, https:\/\/rogerbroilers.com\/wp-content\/uploads\/2024\/07\/PRTR-tres-lineas_COLOR.png 1821w\" sizes=\"(max-width: 300px) 100vw, 300px\" \/>\t\t\t\t\t\t\t\t\t\t\t\t\t<\/div>\n\t\t\t\t<\/div>\n\t\t\t\t\t<\/div>\n\t\t<\/div>\n\t\t\t\t\t<\/div>\n\t\t<\/section>\n\t\t\t\t<\/div>\n\t\t","protected":false},"excerpt":{"rendered":"<p>Principios Control y calidad Controlamos todo el proceso de crianza poniendo especial inter\u00e9s en el bienestar del animal as\u00ed como la calidad y sostenibilidad del producto. Experiencia y sostenibilidad La<span class=\"more-dots\">&#8230;<\/span> <span class=\"more-tag\"><a class=\"more-link\" href=\"https:\/\/rogerbroilers.com\/?p=7614\">Saber m\u00e1s<span class=\"screen-reader-text\"> \"INSTALACI\u00d3N DE PLACAS SOLARES\"<\/span><\/a><\/span><!-- .more-tag --><\/p>\n","protected":false},"author":1,"featured_media":0,"parent":0,"menu_order":0,"comment_status":"closed","ping_status":"closed","template":"page-templates\/full-width.php","meta":{"footnotes":""},"class_list":["post-6561","page","type-page","status-publish","hentry"],"_links":{"self":[{"href":"https:\/\/rogerbroilers.com\/index.php?rest_route=\/wp\/v2\/pages\/6561","targetHints":{"allow":["GET"]}}],"collection":[{"href":"https:\/\/rogerbroilers.com\/index.php?rest_route=\/wp\/v2\/pages"}],"about":[{"href":"https:\/\/rogerbroilers.com\/index.php?rest_route=\/wp\/v2\/types\/page"}],"author":[{"embeddable":true,"href":"https:\/\/rogerbroilers.com\/index.php?rest_route=\/wp\/v2\/users\/1"}],"replies":[{"embeddable":true,"href":"https:\/\/rogerbroilers.com\/index.php?rest_route=%2Fwp%2Fv2%2Fcomments&post=6561"}],"version-history":[{"count":175,"href":"https:\/\/rogerbroilers.com\/index.php?rest_route=\/wp\/v2\/pages\/6561\/revisions"}],"predecessor-version":[{"id":7824,"href":"https:\/\/rogerbroilers.com\/index.php?rest_route=\/wp\/v2\/pages\/6561\/revisions\/7824"}],"wp:attachment":[{"href":"https:\/\/rogerbroilers.com\/index.php?rest_route=%2Fwp%2Fv2%2Fmedia&parent=6561"}],"curies":[{"name":"wp","href":"https:\/\/api.w.org\/{rel}","templated":true}]}}